{"id":3936,"date":"2026-03-13T12:24:34","date_gmt":"2026-03-13T11:24:34","guid":{"rendered":"https:\/\/www.redconcesionariosmazda.com\/resnovamotor\/ley-de-servicios-digitales\/"},"modified":"2026-03-13T12:24:34","modified_gmt":"2026-03-13T11:24:34","slug":"ley-de-servicios-digitales","status":"publish","type":"page","link":"https:\/\/www.redconcesionariosmazda.com\/resnovamotor\/ley-de-servicios-digitales\/","title":{"rendered":"Ley de Servicios Digitales"},"content":{"rendered":"<div class=\"wpb-content-wrapper\"><p>[vc_row][vc_column css=&#8221;.vc_custom_1773401448124{margin-top: 20px !important;}&#8221;][vc_column_text css=&#8221;&#8221;]<\/p>\n<h1><strong>Ley de Servicios Digitales (\u00abDSA\u00bb).<\/strong><\/h1>\n<div><\/div>\n<div>Esta p\u00e1gina contiene informaci\u00f3n relativa a la normativa europea sobre servicios digitales derivada del Reglamento (UE) 2022\/2065 del Parlamento Europeo y del Consejo, de 19 de octubre de 2022, relativo al mercado \u00fanico de servicios digitales y por el que se modifica la Directiva 2000\/31\/CE (\u00abLey de Servicios Digitales\u00bb o \u00abDSA\u00bb).<\/div>\n<div><\/div>\n<div>En la medida en que Mazda Autom\u00f3viles Espa\u00f1a, S.A. preste servicios de alojamiento en el sentido del art\u00edculo 3, letra g), inciso iii) de la Ley de Servicios Digitales y aloje informaci\u00f3n para su concesionario Mazda\u00a0 en direcciones de subdominio de este sitio web (en lo sucesivo, \u00absitio web del concesionario\u00bb), la siguiente informaci\u00f3n se aplica a estos servicios:<\/div>\n<div><\/div>\n<div><\/div>\n<p>&nbsp;<\/p>\n<div><strong>I. Obligaci\u00f3n de garantizar que los contenidos cumplan con las leyes, reglamentos y t\u00e9rminos y condiciones generales de uso del sitio web de Mazda Autom\u00f3viles Espa\u00f1a, S.A.<\/strong><\/div>\n<div><\/div>\n<div>Mazda Autom\u00f3viles Espa\u00f1a, S.A. se reserva el derecho de tomar las medidas apropiadas si el contenido de los concesionarios Mazda constituye una\u00a0 evidente\u00a0 infracci\u00f3n de las leyes o regulaciones aplicables o de los T\u00e9rminos y Condiciones Generales de Uso de este sitio web. En particular, los contenidos se considerar\u00e1n inapropiados si los contenidos de los concesionarios Mazda contienen fines ilegales o que violan los derechos de Mazda Autom\u00f3viles Espa\u00f1a, S.A. o de terceros.<\/div>\n<div>En particular, el contenido de los concesionarios Mazda no debe contener informaci\u00f3n que cumpla con los siguientes criterios: esl\u00f3ganes racistas e inhumanos; el suministro de informaci\u00f3n falsa o incorrecta; informaci\u00f3n que sea ofensiva, abusiva, acosadora, odiosa, obscena, amenazante u objetable de otro modo; informaci\u00f3n que infrinja los requisitos legales o que no cumpla o implemente suficientemente los requisitos aplicables (por ejemplo, en el caso de las obligaciones de etiquetado o transparencia); informaci\u00f3n cuyo suministro o difusi\u00f3n constituya un delito penal o una infracci\u00f3n administrativa; o que de otro modo sea reprobable o constituya publicidad directa o indirecta o un acto de propaganda de bebidas alcoh\u00f3licas, productos de tabaco, estupefacientes -o de cualquier otro producto sujeto a regulaciones espec\u00edficas- o, en general, que pueda atentar contra el orden p\u00fablico y la moralidad; promover declaraciones medioambientales ilegales, pr\u00e1cticas comerciales enga\u00f1osas (publicidad enga\u00f1osa), incumplimiento de la legislaci\u00f3n aplicable a la publicidad de veh\u00edculos de motor y servicios relacionados, derechos de imagen y RGPD.<\/div>\n<div><\/div>\n<div><\/div>\n<p>&nbsp;<\/p>\n<div><strong>II. Punto de contacto para las comunicaciones relacionadas con la DSA (art. 11 y 12 de la DSA)<\/strong><\/div>\n<div><\/div>\n<div>Mazda Autom\u00f3viles Espa\u00f1a, S.A. ofrece a los destinatarios del servicio (por ejemplo, los usuarios de Internet) las autoridades de los Estados miembros, la Comisi\u00f3n Europea o el Comit\u00e9 a que se refiere el art\u00edculo 61 de la Ley de Servicios Digitales, la posibilidad de ponerse en contacto con el equipo de Mazda DSA en la siguiente direcci\u00f3n:<\/div>\n<div>Direcci\u00f3n de correo electr\u00f3nico:<a href=\"mailto:DSAMAE@mazdaeur.com\"> DSAMAE@mazdaeur.com<\/a><\/div>\n<div>N\u00famero de tel\u00e9fono: <a href=\"tel:91 63 55 922\">91 63 55 922<\/a><\/div>\n<div><\/div>\n<div><\/div>\n<p>&nbsp;<\/p>\n<div><strong>III. Notificaci\u00f3n de informes<\/strong><\/div>\n<div><\/div>\n<div>De conformidad con el art\u00edculo 16 de la Ley de Servicios Digitales, cualquier persona o entidad puede denunciar contenidos de este sitio web que considere ilegales. Esto se puede hacer enviando un correo electr\u00f3nico a dsamae@mazdaeur.com<\/div>\n<div>\u00a0Si desea realizar dicha notificaci\u00f3n, incluya la siguiente informaci\u00f3n:<\/div>\n<div><\/div>\n<ol>\n<li>\u00a0justificaci\u00f3n suficiente de por qu\u00e9 la informaci\u00f3n en cuesti\u00f3n se considera il\u00edcita;<\/li>\n<li>\u00a0una indicaci\u00f3n clara de la ubicaci\u00f3n electr\u00f3nica exacta de esta informaci\u00f3n, como la(s) URL(s) exacta(s), y, si procede, cualquier informaci\u00f3n adicional \u00fatil para identificar el contenido ilegal en relaci\u00f3n con el tipo de contenido y el tipo espec\u00edfico de servicio de alojamiento;<\/li>\n<li>\u00a0su nombre y direcci\u00f3n de correo electr\u00f3nico (excepto en el caso de informaci\u00f3n que considere que se refiere a un delito relacionado con el abuso sexual, la explotaci\u00f3n sexual, la pornograf\u00eda infantil, la solicitud de ni\u00f1os con fines sexuales o la incitaci\u00f3n, participaci\u00f3n o intento de cometer tales delitos). En estos u otros casos en los que desee presentar una denuncia sin posibilidad de identificaci\u00f3n, puede ponerse en contacto con nosotros por tel\u00e9fono al n\u00famero 91 63 55 922.<\/li>\n<li>una declaraci\u00f3n en base a la cual, al enviar este informe, usted declara que la informaci\u00f3n que ha proporcionado es correcta y completa y que est\u00e1 proporcionando informaci\u00f3n veraz<\/li>\n<\/ol>\n<div><\/div>\n<div><\/div>\n<p>&nbsp;<\/p>\n<div><strong>IV. Procedimiento de moderaci\u00f3n:<\/strong><\/div>\n<div><\/div>\n<ol>\n<li>\u00a0Si el informe contiene los datos de contacto electr\u00f3nico de la persona u organizaci\u00f3n denunciante, se enviar\u00e1 sin demora un acuse de recibo con un n\u00famero de identificaci\u00f3n del informe.<\/li>\n<li>\u00a0Mazda Autom\u00f3viles Espa\u00f1a, S.A. tratar\u00e1 todas las notificaciones de manera oportuna, cuidadosa, diligente y objetiva. El equipo DSA de Mazda estudiar\u00e1 el informe para tomar las decisiones necesarias.<\/li>\n<li>\u00a0Mazda Autom\u00f3viles Espa\u00f1a, S.A informar\u00e1 sin demora a la persona u organizaci\u00f3n\u00a0 que realiza la notificaci\u00f3n de la decisi\u00f3n pertinente con respecto a la informaci\u00f3n reportada e indicar\u00e1 los posibles recursos legales contra esta decisi\u00f3n.<\/li>\n<li>\u00a0En caso de que un contenido infrinja la legislaci\u00f3n aplicable, el reglamento o las condiciones generales de uso de este sitio web y Mazda Autom\u00f3viles Espa\u00f1a, S.A tenga conocimiento de ello (por ejemplo, a trav\u00e9s de un informe de un cliente u otro tercero), Mazda Autom\u00f3viles Espa\u00f1a, S.A se reserva el derecho de eliminar el contenido correspondiente inmediatamente (incluso temporalmente) y de tomar todas las medidas necesarias adicionales. Si es necesario o apropiado, se tomar\u00e1n las siguientes medidas en funci\u00f3n de la gravedad, la frecuencia y el n\u00famero de las infracciones: eliminaci\u00f3n temporal o permanente del contenido; bloqueo temporal (por un per\u00edodo de 1 mes a 1 a\u00f1o) de las p\u00e1ginas de subdominio del sitio web del concesionario Mazda relacionadas e inactivaci\u00f3n del contenido asociado; bloqueo permanente de las p\u00e1ginas de subdominio del sitio web del concesionario Mazda relacionadas y de todo el contenido asociado.<\/li>\n<li>\u00a0Cuando as\u00ed lo exija la ley, se informar\u00e1 al concesionario Mazda de la decisi\u00f3n de Mazda Autom\u00f3viles Espa\u00f1a, S.A. sobre la base de una exposici\u00f3n de motivos clara y espec\u00edfica (excepto cuando la informaci\u00f3n sea enga\u00f1osa de contenido comercial de gran volumen) y se le dar\u00e1 la oportunidad de formular observaciones. Tras recibir las alegaciones, Mazda Autom\u00f3viles Espa\u00f1a, S.A revisar\u00e1 la decisi\u00f3n y tomar\u00e1 una decisi\u00f3n final sobre c\u00f3mo tratar el contenido en cuesti\u00f3n. Dependiendo del caso, se aplicar\u00e1n las medidas de moderaci\u00f3n mencionadas anteriormente. El concesionario Mazda recibir\u00e1 una notificaci\u00f3n por correo electr\u00f3nico sobre la decisi\u00f3n de moderaci\u00f3n tomada y su justificaci\u00f3n.<\/li>\n<\/ol>\n<div><\/div>\n<div><\/div>\n<p>&nbsp;<\/p>\n<div><strong>V. Sistema interno de tramitaci\u00f3n de reclamaciones<\/strong><\/div>\n<div><\/div>\n<div>Las quejas o consultas sobre las decisiones de moderaci\u00f3n en el sentido de la Ley de Servicios Digitales podr\u00e1n presentarse a trav\u00e9s de <a href=\"mailto:DSAMAE@mazdaeur.com\">DSAMAE@mazdaeur.com<\/a> durante los seis meses siguientes a la decisi\u00f3n de moderaci\u00f3n. La fecha en la que se notifique al Concesionario Mazda u otras personas u organizaciones de una decisi\u00f3n de moderaci\u00f3n se considerar\u00e1 el inicio del per\u00edodo especificado para presentar quejas. Indique a qu\u00e9 decisi\u00f3n se refiere (por ejemplo, indicando la fecha, el asunto y\/o el n\u00famero de referencia) y qu\u00e9 desea objetar o hacer que se le explique con m\u00e1s detalle sobre la decisi\u00f3n. Mazda Autom\u00f3viles Espa\u00f1a, S.A. acusar\u00e1 recibo de la queja y la procesar\u00e1 con prontitud. Mazda Autom\u00f3viles Espa\u00f1a, S.A. emitir\u00e1 inmediatamente una decisi\u00f3n motivada e indicar\u00e1 la posibilidad de resoluci\u00f3n extrajudicial de disputas y otros recursos legales disponibles.<\/div>\n<div><\/div>\n<div><\/div>\n<p>&nbsp;<\/p>\n<div><strong>VI. Obligaciones de presentaci\u00f3n de informes de transparencia (art. 15 de la Ley de Servicios Digitales)<\/strong><\/div>\n<div><\/div>\n<div>Cuando corresponda y con periodicidad anual, Mazda Autom\u00f3viles Espa\u00f1a, S.A. publicar\u00e1 sus informes de transparencia sobre sus actividades de moderaci\u00f3n de contenido. En este caso, dichos informes se publicar\u00e1n en esta p\u00e1gina web a su debido tiempo.<\/div>\n<p>[\/vc_column_text][\/vc_column][\/vc_row]<\/p>\n<\/div>","protected":false},"excerpt":{"rendered":"<p>[vc_row][vc_column css=&#8221;.vc_custom_1773401448124{margin-top: 20px !important;}&#8221;][vc_column_text css=&#8221;&#8221;] Ley de Servicios Digitales (\u00abDSA\u00bb). Esta p\u00e1gina contiene informaci\u00f3n relativa a la normativa europea sobre servicios digitales derivada del Reglamento (UE) 2022\/2065 del Parlamento Europeo y del Consejo, de 19 de octubre de 2022, relativo al mercado \u00fanico de servicios digitales y por el que se modifica la Directiva 2000\/31\/CE [&hellip;]<\/p>\n","protected":false},"author":2,"featured_media":0,"parent":0,"menu_order":0,"comment_status":"closed","ping_status":"closed","template":"","meta":{"_acf_changed":false,"xn-wppe-expiration":[],"xn-wppe-expiration-action":[],"xn-wppe-expiration-prefix":[],"footnotes":""},"class_list":["post-3936","page","type-page","status-publish","hentry"],"acf":[],"_links":{"self":[{"href":"https:\/\/www.redconcesionariosmazda.com\/resnovamotor\/wp-json\/wp\/v2\/pages\/3936","targetHints":{"allow":["GET"]}}],"collection":[{"href":"https:\/\/www.redconcesionariosmazda.com\/resnovamotor\/wp-json\/wp\/v2\/pages"}],"about":[{"href":"https:\/\/www.redconcesionariosmazda.com\/resnovamotor\/wp-json\/wp\/v2\/types\/page"}],"author":[{"embeddable":true,"href":"https:\/\/www.redconcesionariosmazda.com\/resnovamotor\/wp-json\/wp\/v2\/users\/2"}],"replies":[{"embeddable":true,"href":"https:\/\/www.redconcesionariosmazda.com\/resnovamotor\/wp-json\/wp\/v2\/comments?post=3936"}],"version-history":[{"count":0,"href":"https:\/\/www.redconcesionariosmazda.com\/resnovamotor\/wp-json\/wp\/v2\/pages\/3936\/revisions"}],"wp:attachment":[{"href":"https:\/\/www.redconcesionariosmazda.com\/resnovamotor\/wp-json\/wp\/v2\/media?parent=3936"}],"curies":[{"name":"wp","href":"https:\/\/api.w.org\/{rel}","templated":true}]}}