{"id":760,"date":"2019-11-25T15:36:13","date_gmt":"2019-11-25T14:36:13","guid":{"rendered":"http:\/\/www.redconcesionariosmazda.com\/tecnoriojamotor\/?page_id=760"},"modified":"2020-03-16T17:59:12","modified_gmt":"2020-03-16T16:59:12","slug":"gracias-info-vo","status":"publish","type":"page","link":"https:\/\/www.redconcesionariosmazda.com\/tecnoriojamotor\/gracias-info-vo\/","title":{"rendered":"Gracias &#8211; Informaci\u00f3n sobre veh\u00edculo de ocasi\u00f3n"},"content":{"rendered":"","protected":false},"excerpt":{"rendered":"","protected":false},"author":2,"featured_media":0,"parent":0,"menu_order":0,"comment_status":"closed","ping_status":"closed","template":"page-gracias.php","meta":{"_acf_changed":false,"xn-wppe-expiration":[],"xn-wppe-expiration-action":[],"xn-wppe-expiration-prefix":[],"footnotes":""},"class_list":["post-760","page","type-page","status-publish","hentry"],"acf":[],"_links":{"self":[{"href":"https:\/\/www.redconcesionariosmazda.com\/tecnoriojamotor\/wp-json\/wp\/v2\/pages\/760","targetHints":{"allow":["GET"]}}],"collection":[{"href":"https:\/\/www.redconcesionariosmazda.com\/tecnoriojamotor\/wp-json\/wp\/v2\/pages"}],"about":[{"href":"https:\/\/www.redconcesionariosmazda.com\/tecnoriojamotor\/wp-json\/wp\/v2\/types\/page"}],"author":[{"embeddable":true,"href":"https:\/\/www.redconcesionariosmazda.com\/tecnoriojamotor\/wp-json\/wp\/v2\/users\/2"}],"replies":[{"embeddable":true,"href":"https:\/\/www.redconcesionariosmazda.com\/tecnoriojamotor\/wp-json\/wp\/v2\/comments?post=760"}],"version-history":[{"count":0,"href":"https:\/\/www.redconcesionariosmazda.com\/tecnoriojamotor\/wp-json\/wp\/v2\/pages\/760\/revisions"}],"wp:attachment":[{"href":"https:\/\/www.redconcesionariosmazda.com\/tecnoriojamotor\/wp-json\/wp\/v2\/media?parent=760"}],"curies":[{"name":"wp","href":"https:\/\/api.w.org\/{rel}","templated":true}]}}